{"id":2,"date":"2021-12-03T12:49:32","date_gmt":"2021-12-03T11:49:32","guid":{"rendered":"http:\/\/141.24.24.29\/wordpress\/?page_id=2"},"modified":"2022-04-28T10:10:19","modified_gmt":"2022-04-28T08:10:19","slug":"home","status":"publish","type":"page","link":"https:\/\/www.robincare.de\/","title":{"rendered":"Home"},"content":{"rendered":"\n<h2 class=\"wp-block-heading\" id=\"ziele-und-einordnung-der-forschergruppe-serroga\">Projekt RobinCare &#8211; <strong>Rob<\/strong>otik <strong>in<\/strong> der<strong> <\/strong>Pflege (<strong>Care<\/strong>)<\/h2>\n\n\n\n<p>Mit 1,7 Millionen Besch\u00e4ftigten haben ambulante und station\u00e4re Pflegeeinrichtun\u00adgen laut BMWi 2020 einen Anteil von fast 23 Prozent<br>an allen Erwerbst\u00e4tigen der Gesund\u00adheitswirtschaft. Die zunehmende Alterung der Bev\u00f6lkerung hat aber heute schon gro\u00dfe Aus\u00adwirkungen auf die Pflege,da k\u00fcnftig mit weiter steigendem Pflegebedarf bei gleichzeitig stark wachsendem Pflegefachkr\u00e4ftemangel zu rechnen ist. Vor diesem Hintergrund wird robotischen Systemen \u2013 als verk\u00f6rperte KI \u00ad enormes Potenzial zugeschrieben, durch situationsangepass\u00adte Unterst\u00fctzungsleistungen zur Entlastung im pflegerischen Alltag beizutragen. Pflegewissen\u00adschaftliche Studien belegen, dass nachfolgende Anwendungsfelder f\u00fcr die Robotik in der Pflege besonders bedeutsam sind, da hier Pflegekr\u00e4fte sehr effektiv entlastet werden k\u00f6nnen, so dass mehr Zeit f\u00fcr wichtige therapeutische und soziale Kontakte zu den Betreuten bleibt: Transport von Gegenst\u00e4nden, Zugangskontrolle, Begleitung von Besuchern und Bewohnern, Assistenz von kognitiv Beeintr\u00e4chtigten oder physische Mobilisierung der Betreuten.<br><\/p>\n\n\n\n<div class=\"wp-block-columns is-layout-flex wp-container-core-columns-is-layout-9d6595d7 wp-block-columns-is-layout-flex\">\n<div class=\"wp-block-column is-layout-flow wp-block-column-is-layout-flow\">\n<div class=\"wp-block-media-text alignwide is-stacked-on-mobile\" style=\"grid-template-columns:30% auto\"><figure class=\"wp-block-media-text__media\"><img loading=\"lazy\" decoding=\"async\" width=\"1705\" height=\"2560\" src=\"https:\/\/www.robincare.de\/wp-content\/uploads\/2022\/04\/IMG_7569-scaled.jpg\" alt=\"Roboter beim \u00d6ffnen einer T\u00fcr\" class=\"wp-image-621 size-full\" srcset=\"https:\/\/www.robincare.de\/wp-content\/uploads\/2022\/04\/IMG_7569-scaled.jpg 1705w, https:\/\/www.robincare.de\/wp-content\/uploads\/2022\/04\/IMG_7569-200x300.jpg 200w, https:\/\/www.robincare.de\/wp-content\/uploads\/2022\/04\/IMG_7569-682x1024.jpg 682w, https:\/\/www.robincare.de\/wp-content\/uploads\/2022\/04\/IMG_7569-768x1153.jpg 768w, https:\/\/www.robincare.de\/wp-content\/uploads\/2022\/04\/IMG_7569-1023x1536.jpg 1023w, https:\/\/www.robincare.de\/wp-content\/uploads\/2022\/04\/IMG_7569-1364x2048.jpg 1364w\" sizes=\"auto, (max-width: 1705px) 100vw, 1705px\" \/><\/figure><div class=\"wp-block-media-text__content\">\n<p>Zielstellung f\u00fcr unser Teilprojekt ist es daher, basierend auf der umfangreichen Expertise der TU Ilmenau in den Robotik\u00ad Anwendungsfeldern Handel, h\u00e4usliche Assistenz und Reha im Pilotprojekt be\u00adsonders praxisrelevante und zudem gut demonstrable robotische Unterst\u00fctzungsleistungen f\u00fcr den Pflegealltag bereitzustellen. Der Fokus des Pilotprojektes soll daher exemplarisch auf fol\u00adgende Use Cases in Pflegeeinrichtungen des betreuten Wohnens gelegt werden:<\/p>\n\n\n\n<p>Lotsen von Besuchern zu den Bewohnern und Mitarbeitern, Begleiten von Bewohnern bei Spazierg\u00e4n\u00adgen im Geb\u00e4ude, Transport von Bedarfsgegenst\u00e4nden mit der F\u00e4higkeit der autonomen Fahrstuhl\u00adnutzung und des T\u00fcr\u00f6ffnens.<\/p>\n<\/div><\/div>\n<\/div>\n<\/div>\n\n\n\n<div class=\"wp-block-columns is-layout-flex wp-container-core-columns-is-layout-9d6595d7 wp-block-columns-is-layout-flex\">\n<div class=\"wp-block-column is-layout-flow wp-block-column-is-layout-flow\">\n<div class=\"wp-block-media-text alignwide has-media-on-the-right is-stacked-on-mobile\" style=\"grid-template-columns:auto 30%\"><figure class=\"wp-block-media-text__media\"><img loading=\"lazy\" decoding=\"async\" width=\"598\" height=\"1024\" src=\"https:\/\/www.robincare.de\/wp-content\/uploads\/2022\/04\/IMG_7579-598x1024.jpg\" alt=\"\" class=\"wp-image-628 size-full\" srcset=\"https:\/\/www.robincare.de\/wp-content\/uploads\/2022\/04\/IMG_7579-598x1024.jpg 598w, https:\/\/www.robincare.de\/wp-content\/uploads\/2022\/04\/IMG_7579-175x300.jpg 175w, https:\/\/www.robincare.de\/wp-content\/uploads\/2022\/04\/IMG_7579-768x1315.jpg 768w, https:\/\/www.robincare.de\/wp-content\/uploads\/2022\/04\/IMG_7579-897x1536.jpg 897w, https:\/\/www.robincare.de\/wp-content\/uploads\/2022\/04\/IMG_7579-1196x2048.jpg 1196w, https:\/\/www.robincare.de\/wp-content\/uploads\/2022\/04\/IMG_7579-scaled.jpg 1495w\" sizes=\"auto, (max-width: 598px) 100vw, 598px\" \/><\/figure><div class=\"wp-block-media-text__content\">\n<p>Notwendige Voraussetzung f\u00fcr demonstrable L\u00f6sungen ist die Entwicklung von KI\u00ad-basierten robotischen Grundfertigkeiten, die auch f\u00fcr andere Anwendungs\u00adfelder der Assistenzrobotik (z.B. Einzelhandel oder Reha) nachnutzbar sind: multisensorielle Personenwahrnehmung und visuelle Personenwiedererkennung mittels Deep Learning, Gesichtsanalyse und Maskenerkennung (in Pandemiezeiten), sowie die Erkennung von Gesten zur Interaktion zwischen Nutzer\u00ad und Roboter und zur personenzentrierten Roboternavigation.<\/p>\n\n\n\n<p>Den Schwerpunkt der Entwicklungen wird auf der autonomen Bedienung von Fahrst\u00fchlen und \u00d6ffnen von T\u00fcren mittels Roboterarm liegen, welche Grundvoraussetzung f\u00fcr den Einsatz in unver\u00e4nderten Realweltumgebungen sind. Eine De\u00admonstration der entwickelten Techniken mittels einer Pflegeheim\u00adtauglichen mobilen Roboterplattform ausgestattet mit der n\u00f6tigen Sensorik und Manipulatorik in den R\u00e4umlichkeiten des Kooperationspartners AWO AJS gGmbH Regionalverbund Ilmenau ist geplant.<\/p>\n<\/div><\/div>\n<\/div>\n<\/div>\n\n\n\n<hr class=\"wp-block-separator\"\/>\n\n\n\n<div class=\"wp-block-columns is-layout-flex wp-container-core-columns-is-layout-9d6595d7 wp-block-columns-is-layout-flex\">\n<div class=\"wp-block-column is-layout-flow wp-block-column-is-layout-flow\" style=\"flex-basis:33.33%\">\n<figure class=\"wp-block-image size-full\"><img loading=\"lazy\" decoding=\"async\" width=\"917\" height=\"156\" src=\"https:\/\/www.robincare.de\/wp-content\/uploads\/2022\/04\/Logo_-_TMWWDG__1_-1.png\" alt=\"\" class=\"wp-image-611\" srcset=\"https:\/\/www.robincare.de\/wp-content\/uploads\/2022\/04\/Logo_-_TMWWDG__1_-1.png 917w, https:\/\/www.robincare.de\/wp-content\/uploads\/2022\/04\/Logo_-_TMWWDG__1_-1-300x51.png 300w, https:\/\/www.robincare.de\/wp-content\/uploads\/2022\/04\/Logo_-_TMWWDG__1_-1-768x131.png 768w\" sizes=\"auto, (max-width: 917px) 100vw, 917px\" \/><\/figure>\n<\/div>\n\n\n\n<div class=\"wp-block-column is-layout-flow wp-block-column-is-layout-flow\" style=\"flex-basis:66.66%\">\n<p>Gef\u00f6rdert durch das Th\u00fcringer Ministerium f\u00fcr Wirtschaft, Wissenschaft und Digitale Gesellschaft<\/p>\n<\/div>\n<\/div>\n","protected":false},"excerpt":{"rendered":"<p>Projekt RobinCare &#8211; Robotik in der Pflege (Care) Mit 1,7 Millionen Besch\u00e4ftigten haben ambulante und station\u00e4re Pflegeeinrichtun\u00adgen laut BMWi 2020 einen Anteil von fast 23 Prozentan allen Erwerbst\u00e4tigen der Gesund\u00adheitswirtschaft. Die zunehmende Alterung der Bev\u00f6lkerung hat aber heute schon gro\u00dfe Aus\u00adwirkungen auf die Pflege,da k\u00fcnftig mit weiter steigendem Pflegebedarf bei gleichzeitig stark wachsendem Pflegefachkr\u00e4ftemangel zu &#8230; <a title=\"Home\" class=\"read-more\" href=\"https:\/\/www.robincare.de\/\" aria-label=\"Mehr Informationen \u00fcber Home\">Weiterlesen<\/a><\/p>\n","protected":false},"author":1,"featured_media":0,"parent":0,"menu_order":0,"comment_status":"closed","ping_status":"closed","template":"","meta":{"footnotes":""},"class_list":["post-2","page","type-page","status-publish"],"_links":{"self":[{"href":"https:\/\/www.robincare.de\/index.php?rest_route=\/wp\/v2\/pages\/2","targetHints":{"allow":["GET"]}}],"collection":[{"href":"https:\/\/www.robincare.de\/index.php?rest_route=\/wp\/v2\/pages"}],"about":[{"href":"https:\/\/www.robincare.de\/index.php?rest_route=\/wp\/v2\/types\/page"}],"author":[{"embeddable":true,"href":"https:\/\/www.robincare.de\/index.php?rest_route=\/wp\/v2\/users\/1"}],"replies":[{"embeddable":true,"href":"https:\/\/www.robincare.de\/index.php?rest_route=%2Fwp%2Fv2%2Fcomments&post=2"}],"version-history":[{"count":85,"href":"https:\/\/www.robincare.de\/index.php?rest_route=\/wp\/v2\/pages\/2\/revisions"}],"predecessor-version":[{"id":639,"href":"https:\/\/www.robincare.de\/index.php?rest_route=\/wp\/v2\/pages\/2\/revisions\/639"}],"wp:attachment":[{"href":"https:\/\/www.robincare.de\/index.php?rest_route=%2Fwp%2Fv2%2Fmedia&parent=2"}],"curies":[{"name":"wp","href":"https:\/\/api.w.org\/{rel}","templated":true}]}}