{"id":3,"date":"2021-12-03T12:49:32","date_gmt":"2021-12-03T11:49:32","guid":{"rendered":"http:\/\/141.24.24.29\/wordpress\/?page_id=3"},"modified":"2025-12-17T11:14:33","modified_gmt":"2025-12-17T10:14:33","slug":"datenschutzerklaerung","status":"publish","type":"page","link":"https:\/\/www.robincare.de\/?page_id=3","title":{"rendered":"Datenschutzerkl\u00e4rung"},"content":{"rendered":"\n<p><strong>Wer wir sind<\/strong><\/p>\n\n\n\n<p>Die Adresse unserer Website ist: <a href=\"http:\/\/www.robincare.de\" data-type=\"link\" data-id=\"www.robincare.de\">www.robincare.de<\/a><\/p>\n\n\n\n<p>Weitere Informationen \u00fcber uns erfahren Sie in unserem <a href=\"https:\/\/www.robincare.de\/?page_id=191\" data-type=\"page\" data-id=\"191\">Impressum<\/a>.<\/p>\n\n\n\n<p><strong>Gespeicherte Informationen<\/strong><\/p>\n\n\n\n<p>Grunds\u00e4tzlich werden bei Ihrem Besuch auf unseren Webseiten automatisch Informationen, die uns Ihr Browser \u00fcbermittelt, erhoben und gespeichert:<\/p>\n\n\n\n<p>F\u00fcr 7 Tage:<\/p>\n\n\n\n<ul class=\"wp-block-list\">\n<li>vollst\u00e4ndige IP-Adresse<\/li>\n\n\n\n<li>Zeitstempel<\/li>\n\n\n\n<li>URL der Anfrage<\/li>\n\n\n\n<li>Status<\/li>\n\n\n\n<li>Menge der abgerufenen Daten<\/li>\n\n\n\n<li>Referrer (Internetadresse der Webseite, von der der Benutzer durch einen Link zur aktuellen Webseite gelangt ist)<\/li>\n\n\n\n<li>User Agent<\/li>\n<\/ul>\n\n\n\n<p>Diese Daten werden gr\u00f6\u00dftenteils anonymisiert mittels Standardsoftware f\u00fcr statistische Auswertungen der Nutzung unseres Web-Angebots von Mitarbeitern der TU Ilmenau verarbeitet bzw. dienen der Aufkl\u00e4rung missbr\u00e4uchlicher Nutzung und der Fehlersuche. Wir erstellen keine personenbezogenen Nutzungsprofile. Es erfolgt keine Weitergabe dieser Daten an Dritte.<\/p>\n\n\n\n<p>Sofern innerhalb des Internetangebotes die M\u00f6glichkeit zur Eingabe pers\u00f6nlicher oder gesch\u00e4ftlicher Daten (E-Mailadressen, Namen, Anschriften) besteht, erfolgt dies ausdr\u00fccklich auf freiwilliger Basis. Ihre personenbezogenen Daten werden nur zweckgebunden verarbeitet und genutzt.<\/p>\n\n\n\n<p><strong>Cookies<\/strong><\/p>\n\n\n\n<p>Die serroga-Webseite verwendet die sogenannte Cookies. Cookies sind kleine Textdateien, die vom Webserver erzeugt und an Ihren Internetbrowser geschickt und dort gespeichert bzw. auf Ihrem Browser abgelegt werden. Cookies dienen dazu, die Funktionalit\u00e4t und den Komfort der Webseite f\u00fcr Sie zu erh\u00f6hen. Sie werden in der Regel am Ende der Browsersitzung gel\u00f6scht. Wir werten die Cookies nicht aus. Sollten Sie Ihren Browser so eingestellt haben, dass er grunds\u00e4tzlich das Annehmen von Cookies verhindert, m\u00f6chten wir Sie darauf hinweisen, dass Sie m\u00f6glicherweise nicht alle Funktionen\/Angebote unserer Webseite in vollem Umfang nutzen k\u00f6nnen.<\/p>\n\n\n\n<p>Falls Sie ein Konto haben und sich auf dieser Website anmelden, werden wir ein tempor\u00e4res Cookie setzen, um festzustellen, ob Ihr Browser Cookies akzeptiert. Dieses Cookie enth\u00e4lt keine personenbezogenen Daten und wird verworfen, wenn Sie Ihren Browser schlie\u00dfen.<\/p>\n\n\n\n<p>Wenn Sie sich anmelden, werden wir einige Cookies einrichten, um Ihre Anmeldeinformationen und Anzeigeoptionen zu speichern. Anmelde-Cookies verfallen nach zwei Tagen und Cookies f\u00fcr die Anzeigeoptionen nach einem Jahr. Falls Sie bei der Anmeldung \u201eAngemeldet bleiben\u201c ausw\u00e4hlen, wird Ihre Anmeldung zwei Wochen lang aufrechterhalten. Mit der Abmeldung aus Ihrem Konto werden die Anmelde-Cookies gel\u00f6scht.<\/p>\n\n\n\n<p>Wenn Sie einen Artikel bearbeiten oder ver\u00f6ffentlichen, wird ein zus\u00e4tzlicher Cookie in Ihrem Browser gespeichert. Dieser Cookie enth\u00e4lt keine personenbezogenen Daten und verweist nur auf die Beitrags-ID des Artikels, den Sie gerade bearbeitet haben. Der Cookie verf\u00e4llt nach einem Tag.<\/p>\n\n\n\n<p><strong>Eingebettete Inhalte von anderen Websites<\/strong><\/p>\n\n\n\n<p>Beitr\u00e4ge auf dieser Website k\u00f6nnen eingebettete Inhalte beinhalten (z. B. Videos, Bilder, Beitr\u00e4ge etc.). Eingebettete Inhalte von anderen Websites verhalten sich exakt so, als ob der Besucher die andere Website besucht h\u00e4tte.<\/p>\n\n\n\n<p>Diese Websites k\u00f6nnen Daten \u00fcber Sie sammeln, Cookies benutzen, zus\u00e4tzliche Tracking-Dienste von Dritten einbetten und Ihre Interaktion mit diesem eingebetteten Inhalt aufzeichnen, inklusive Ihre Interaktion mit dem eingebetteten Inhalt, falls Sie ein Konto haben und auf dieser Website angemeldet sind.<\/p>\n\n\n\n<p><strong>Ihre Rechte als betroffene Person<\/strong><\/p>\n\n\n\n<ul class=\"wp-block-list\">\n<li>Recht auf Best\u00e4tigung\n<ul class=\"wp-block-list\">\n<li>Sie haben das Recht, von uns eine Best\u00e4tigung dar\u00fcber zu verlangen, ob Sie betreffende personenbezogene Daten verarbeitet werden.<\/li>\n<\/ul>\n<\/li>\n\n\n\n<li>Recht auf Auskunft Art. 15 DS-GVO\n<ul class=\"wp-block-list\">\n<li>Sie haben das Recht, jederzeit von uns unentgeltliche Auskunft \u00fcber die zu Ihrer Person gespeicherten personenbezogenen Daten sowie eine Kopie dieser Daten nach Ma\u00dfgabe der gesetzlichen Bestimmungen zu erhalten.<\/li>\n<\/ul>\n<\/li>\n\n\n\n<li>Recht auf Berichtigung Art. 16 DS-GVO\n<ul class=\"wp-block-list\">\n<li>Sie haben das Recht, die Berichtigung Sie betreffender unrichtiger personenbezogener Daten zu verlangen. Ferner steht Ihnen das Recht zu, unter Ber\u00fccksichtigung der Zwecke der Verarbeitung, die Vervollst\u00e4ndigung unvollst\u00e4ndiger personenbezogener Daten zu verlangen.<\/li>\n<\/ul>\n<\/li>\n\n\n\n<li>L\u00f6schung Art. 17 DS-GVO\n<ul class=\"wp-block-list\">\n<li>Sie haben das Recht, von uns zu verlangen, dass die Sie betreffenden personenbezogenen Daten unverz\u00fcglich gel\u00f6scht werden, sofern einer der gesetzlich vorgesehenen Gr\u00fcnde zutrifft und soweit die Verarbeitung bzw. Speicherung nicht erforderlich ist.<\/li>\n<\/ul>\n<\/li>\n\n\n\n<li>Einschr\u00e4nkung der Verarbeitung Art. 18 DS-GVO\n<ul class=\"wp-block-list\">\n<li>Sie haben das Recht, von uns die Einschr\u00e4nkung der Verarbeitung zu verlangen, wenn eine der gesetzlichen Voraussetzungen gegeben ist.<\/li>\n<\/ul>\n<\/li>\n\n\n\n<li>Daten\u00fcbertragbarkeit Art. 20 DS-GVO\n<ul class=\"wp-block-list\">\n<li>Sie haben das Recht, die Sie betreffenden personenbezogenen Daten, welche uns durch Sie bereitgestellt wurden, in einem strukturierten, g\u00e4ngigen und maschinenlesbaren Format zu erhalten. Sie haben au\u00dferdem das Recht, diese Daten einem anderen Verantwortlichen ohne Behinderung durch uns, dem die personenbezogenen Daten bereitgestellt wurden, zu \u00fcbermitteln, sofern die Verarbeitung auf der Einwilligung gem\u00e4\u00df Art. 6 Abs. 1 lit. a DS-GVO oder Art. 9 Abs. 2 lit. a DS-GVO oder auf einem Vertrag gem\u00e4\u00df Art. 6 Abs. 1 lit. b DS-GVO beruht und die Verarbeitung mithilfe automatisierter Verfahren erfolgt, sofern die Verarbeitung nicht f\u00fcr die Wahrnehmung einer Aufgabe erforderlich ist, die im \u00f6ffentlichen Interesse liegt oder in Aus\u00fcbung \u00f6ffentlicher Gewalt erfolgt, welche uns \u00fcbertragen wurde.<\/li>\n\n\n\n<li>Ferner haben Sie bei der Aus\u00fcbung Ihres Rechts auf Daten\u00fcbertragbarkeit gem\u00e4\u00df Art. 20 Abs. 1 DS-GVO das Recht, zu erwirken, dass die personenbezogenen Daten direkt von einem Verantwortlichen an einen anderen Verantwortlichen \u00fcbermittelt werden, soweit dies technisch machbar ist und sofern hiervon nicht die Rechte und Freiheiten anderer Personen beeintr\u00e4chtigt werden.<\/li>\n<\/ul>\n<\/li>\n\n\n\n<li>Widerspruch Art. 21 DS-GVO\n<ul class=\"wp-block-list\">\n<li>Sie haben das Recht, aus Gr\u00fcnden, die sich aus Ihrer besonderen Situation ergeben, jederzeit gegen die Verarbeitung Sie betreffender personenbezogener Daten, die aufgrund von Art. 6 Abs. 1 lit. e (Datenverarbeitung im \u00f6ffentlichen Interesse) oder f (Datenverarbeitung auf Grundlage einer Interessenabw\u00e4gung) DS-GVO erfolgt, Widerspruch einzulegen.<\/li>\n\n\n\n<li>Dies gilt auch f\u00fcr ein auf diese Bestimmungen gest\u00fctztes Profiling im Sinne von Art. 4 Nr. 4 DS-GVO.<\/li>\n\n\n\n<li>Legen Sie Widerspruch ein, werden wir Ihre personenbezogenen Daten nicht mehr verarbeiten, es sei denn, wir k\u00f6nnen zwingende berechtigte Gr\u00fcnde f\u00fcr die Verarbeitung nachweisen, die Ihre Interessen, Rechte und Freiheiten \u00fcberwiegen, oder die Verarbeitung dient der Geltendmachung, Aus\u00fcbung oder Verteidigung von Rechtsanspr\u00fcchen.<\/li>\n<\/ul>\n<\/li>\n\n\n\n<li>Widerruf einer datenschutzrechtlichen Einwilligung\n<ul class=\"wp-block-list\">\n<li>Sie haben das Recht, eine Einwilligung zur Verarbeitung personenbezogener Daten jederzeit mit Wirkung f\u00fcr die Zukunft zu widerrufen.<\/li>\n<\/ul>\n<\/li>\n\n\n\n<li>Beschwerde bei einer Aufsichtsbeh\u00f6rde\n<ul class=\"wp-block-list\">\n<li>Sie haben das Recht, sich bei einer f\u00fcr Datenschutz zust\u00e4ndigen Aufsichtsbeh\u00f6rde \u00fcber unsere Verarbeitung personenbezogener Daten zu beschweren.<\/li>\n<\/ul>\n<\/li>\n<\/ul>\n\n\n\n<p><\/p>\n","protected":false},"excerpt":{"rendered":"<p>Wer wir sind Die Adresse unserer Website ist: www.robincare.de Weitere Informationen \u00fcber uns erfahren Sie in unserem Impressum. Gespeicherte Informationen Grunds\u00e4tzlich werden bei Ihrem Besuch auf unseren Webseiten automatisch Informationen, die uns Ihr Browser \u00fcbermittelt, erhoben und gespeichert: F\u00fcr 7 Tage: Diese Daten werden gr\u00f6\u00dftenteils anonymisiert mittels Standardsoftware f\u00fcr statistische Auswertungen der Nutzung unseres Web-Angebots &#8230; <a title=\"Datenschutzerkl\u00e4rung\" class=\"read-more\" href=\"https:\/\/www.robincare.de\/?page_id=3\" aria-label=\"Mehr Informationen \u00fcber Datenschutzerkl\u00e4rung\">Weiterlesen<\/a><\/p>\n","protected":false},"author":1,"featured_media":0,"parent":0,"menu_order":0,"comment_status":"closed","ping_status":"closed","template":"","meta":{"footnotes":""},"class_list":["post-3","page","type-page","status-publish"],"_links":{"self":[{"href":"https:\/\/www.robincare.de\/index.php?rest_route=\/wp\/v2\/pages\/3","targetHints":{"allow":["GET"]}}],"collection":[{"href":"https:\/\/www.robincare.de\/index.php?rest_route=\/wp\/v2\/pages"}],"about":[{"href":"https:\/\/www.robincare.de\/index.php?rest_route=\/wp\/v2\/types\/page"}],"author":[{"embeddable":true,"href":"https:\/\/www.robincare.de\/index.php?rest_route=\/wp\/v2\/users\/1"}],"replies":[{"embeddable":true,"href":"https:\/\/www.robincare.de\/index.php?rest_route=%2Fwp%2Fv2%2Fcomments&post=3"}],"version-history":[{"count":5,"href":"https:\/\/www.robincare.de\/index.php?rest_route=\/wp\/v2\/pages\/3\/revisions"}],"predecessor-version":[{"id":661,"href":"https:\/\/www.robincare.de\/index.php?rest_route=\/wp\/v2\/pages\/3\/revisions\/661"}],"wp:attachment":[{"href":"https:\/\/www.robincare.de\/index.php?rest_route=%2Fwp%2Fv2%2Fmedia&parent=3"}],"curies":[{"name":"wp","href":"https:\/\/api.w.org\/{rel}","templated":true}]}}